{"id":3,"date":"2024-01-18T16:35:07","date_gmt":"2024-01-18T15:35:07","guid":{"rendered":"https:\/\/www.lgfgrafica.it\/clienti\/woo\/?page_id=3"},"modified":"2025-12-11T17:51:44","modified_gmt":"2025-12-11T16:51:44","slug":"privacy-policy","status":"publish","type":"page","link":"https:\/\/www.yoeggs.com\/shop\/privacy-policy\/","title":{"rendered":"Informativa sul trattamento e protezione dei dati personali"},"content":{"rendered":"<p>&nbsp;<\/p>\n<h2 align=\"center\">(art. 13 del Regolamento UE n. 679\/2016)<\/h2>\n<p>&nbsp;<\/p>\n<p>La presente informativa descrive il trattamento dei dati personali immessi o raccolti sul sito \u00a0<a href=\"https:\/\/www.yoeggs.com\/\">https:\/\/www.yoeggs.com\/<\/a> e <a href=\"https:\/\/www.yoeggs.com\/shop\/\">https:\/\/www.yoeggs.com\/shop\/<\/a> ed \u00e8 resa ai sensi dell\u2019articolo 13 del Regolamento UE 679\/2016 (di seguito \u201cGDPR\u201d) e della normativa nazionale in tema di privacy e protezione dei dati personali applicabile.<\/p>\n<p>&nbsp;<\/p>\n<h3 style=\"text-align: left;\">1. IDENTIT\u00c0 E DATI DI CONTATTO DEL TITOLARE DEL TRATTAMENTO DEI DATI<\/h3>\n<p>Il titolare del trattamento dei Suoi dati personali \u00e8 Sunrise S.r.l. (P. IVA 02363500998) con sede legale in 16121 \u2013 Genova (GE), Via Fieschi n. 3\/4, in persona del legale rappresentante pro tempore dott. Cappelin Gilberto, iscritta presso la Camera di Commercio di Genova, al n. REA: GE &#8211; 480632, del Registro delle Imprese, e-mail : <a href=\"mailto:privacy@YOEGGS.com\">privacy@YOEGGS.com<\/a> (di seguito \u201cSunrise\u201d<br \/>\no la \u201cSociet\u00e0\u201d o \u201cTitolare\u201d).<\/p>\n<p>Nel caso in cui il Titolare si avvalga di responsabili o sub-responsabili del trattamento ai sensi dell\u2019art. 28 GDPR, l\u2019elenco aggiornato dei responsabili e degli incaricati al trattamento \u00e8 custodito presso la sede legale del Titolare.<\/p>\n<p>&nbsp;<\/p>\n<h3 style=\"text-align: left;\">2. RESPONSABILE PER LA PROTEZIONE DEI DATI<\/h3>\n<p>Ai sensi dell\u2019art. 37 del GDPR, il Titolare ha nominato l\u2019avv. Angelo Giunta, responsabile per la protezione dei dati (Data Protection Officer di seguito per brevit\u00e0 \u201cDPO\u201d), domiciliato presso la sede di Sunrise e contattabile all\u2019indirizzo mail: <a href=\"mailto:angelo.giunta@leadinglaw.it\">angelo.giunta@leadinglaw.it<\/a><\/p>\n<p>&nbsp;<\/p>\n<h3 style=\"text-align: left;\">3. QUALI TIPOLOGIE DI DATI PERSONALI TRATTIAMO<\/h3>\n<p>Le tipologie di dati personali che raccogliamo dipendono dalla finalit\u00e0 per cui sono raccolti.<\/p>\n<p>In generale, possiamo raccogliere direttamente da Lei le seguenti tipologie di dati personali (in seguito \u201cDati Personali\u201d):<\/p>\n<ol type=\"a\">\n<li>dati personali comuni di clienti consumatori (quali, a titolo esemplificativo e non esaustivo: nome, cognome, indirizzo di posta elettronica, indirizzo di residenza e numero di telefono);<\/li>\n<li>i dati relativi alla Sua organizzazione societaria, imprenditoriale o aziendale come i dati indentificati e di contatto di soci, amministratori, dipendenti, collaboratori e consulenti per i clienti B2B (quali ad esempio nome, cognome, indirizzo di posta elettronica, indirizzo di posta elettronica certificata, indirizzo, citt\u00e0, numero telefonico);<\/li>\n<li>i dati personali direttamente da Lei forniti per il tramite di comunicazioni o di allegati alle comunicazioni;<\/li>\n<li>i dati bancari e di identificazione fiscale;<\/li>\n<li>i dati d\u2019uso, di navigazione, funzionali, di sessione, statistici , ivi compresi l\u2019identificativo del dispositivo o l\u2019indirizzo IP dell\u2019utente, il momento in cui l\u2019utente visita il sito, gli indirizzi in notazione URI (Uniform Resource Identifier) delle risorse richieste, l\u2019orario della richiesta, il metodo utilizzato nel sottoporre la richiesta al server, la dimensione del file ottenuto in risposta, il codice numerico indicante lo stato della risposta data dal server (buon fine, errore, ecc.) ed altri parametri relativi al sistema operativo e all\u2019ambiente informatico dell\u2019utente;<\/li>\n<\/ol>\n<p>Il trattamento ha ad oggetto anche le operazioni, o il complesso di operazioni concernenti dati raccolti anche tramite utilizzo di cookie, la cui policy si richiama integralmente, visualizzabile al seguente <a href=\"https:\/\/www.yoeggs.com\/shop\/cookie-policy\">link<\/a>.<\/p>\n<p>&nbsp;<\/p>\n<h3 style=\"text-align: left;\">4. PERCH\u00c9 TRATTIAMO I SUOI DATI PERSONALI E SU QUALI BASI GIURIDICHE<\/h3>\n<p>Il trattamento dei Suoi Dati Personali da parte del Titolare avviene:<\/p>\n<p>A) senza il Suo consenso espresso (art. 6 lett. b) &#8211; f) GDPR), per le seguenti finalit\u00e0:<\/p>\n<p>concludere contratti con il Titolare;<\/p>\n<ul>\n<li>adempiere agli obblighi precontrattuali, contrattuali e fiscali derivanti da rapporti in essere;<\/li>\n<li>adempiere agli obblighi previsti dalla legge, da un regolamento, dalla normativa comunitaria o da un ordine dell\u2019Autorit\u00e0;<\/li>\n<li>perseguire un legittimo interesse del Titolare o di terzi, a condizione che non prevalgano i suoi interessi o i Suoi diritti e le libert\u00e0 fondamentali che richiedono la protezione dei dati personali (ad es. il diritto di difesa in giudizio del Titolare).<\/li>\n<\/ul>\n<p>B) Solo previo Suo specifico e distinto consenso (art. 6 lett. a) e art. 7 GDPR), per le seguenti finalit\u00e0 di marketing:<\/p>\n<ul>\n<li>inviare via e-mail, posta e\/o sms e\/o social network (per esempio WhatsApp, Messenger ecc.), newsletter, comunicazioni commerciali e\/o materiale pubblicitario su prodotti o servizi offerti dal Titolare e la rilevazione del grado di soddisfazione sulla qualit\u00e0 dei prodotti e\/o servizi offerti.<\/li>\n<\/ul>\n<p>Qualora Lei abbia negato il Suo consenso non sar\u00e0 possibile svolgere le predette attivit\u00e0 sub B) e qualora Lei abbia espresso il consenso alle attivit\u00e0 di trattamento sub B) avr\u00e0 in ogni caso il diritto di revocare, in ogni momento, il consenso dato.<\/p>\n<p>&nbsp;<\/p>\n<h3 style=\"text-align: left;\">5. PER QUANTO TEMPO CONSERVIAMO E TRATTIAMO I SUOI DATI <a name=\"_Hlk514857196\"><\/a>PERSONALI<\/h3>\n<p>I Suoi Dati Personali saranno trattati dal Titolare per il solo periodo di tempo necessario al raggiungimento delle finalit\u00e0 del trattamento di cui al precedente articolo 3, dopodich\u00e9 verranno conservati unicamente in esecuzione degli obblighi di legge vigenti in materia, per finalit\u00e0 di tipo amministrativo e\/o per far valere o difendere un proprio diritto e, comunque, non oltre i termini fissati dalla legge per la prescrizione dei diritti.<\/p>\n<p>In particolare, per finalit\u00e0 di marketing, i Dati Personali dell\u2019Utente saranno conservati dal Titolare al massimo per due anni.<\/p>\n<p>&nbsp;<\/p>\n<h3 style=\"text-align: left;\">6. COME TRATTIAMO I SUOI DATI PERSONALI<\/h3>\n<p>I Dati Personali sono sottoposti a trattamento elettronico per il tempo necessario a conseguire gli scopi per cui sono raccolti da parte del Titolare o da parte di soggetti debitamente autorizzati e\/o incaricati all\u2019assolvimento di tali compiti, costantemente identificati e\/o nominati, opportunamente istruiti e resi edotti dai vincoli imposti dalla legge, nonch\u00e9 mediante l\u2019impiego di misure di sicurezza atte a garantire la tutela della riservatezza e ad evitare i rischi di perdita o distruzione, di accessi non autorizzati, di trattamenti non consentiti o non conformi alle finalit\u00e0 di cui sopra.<\/p>\n<p>&nbsp;<\/p>\n<h3 style=\"text-align: left;\">7. A CHI POSSIAMO COMUNICARE I SUOI DATI PERSONALI<\/h3>\n<p>Per le finalit\u00e0 sopra indicate i Suoi dati raccolti potranno essere resi accessibili o comunicati:<\/p>\n<ul>\n<li>a dipendenti e collaboratori del Titolare, nella loro qualit\u00e0 di addetti autorizzati al trattamento, nell\u2019ambito delle rispettive mansioni e in conformit\u00e0 alle istruzioni ricevute. Tali individui sono comunque soggetti agli obblighi di confidenzialit\u00e0 e riservatezza;<\/li>\n<li>a terzi soggetti che svolgono attivit\u00e0 in outsourcing per conto del Titolare ai quali sono affidate talune attivit\u00e0, o parte di esse, funzionali all\u2019erogazione e alla distribuzione dei servizi offerti tramite il sito (ad es. societ\u00e0 di hosting, programmatori, sistemisti e amministratori di database, centri di assistenza tecnica, operatori Internet e delle telecomunicazioni) ovvero la cui attivit\u00e0 sia connessa, strumentale o di supporto a quella del Titolare (ad es. software gestionali e\/o di marketing in cloud, etc.);<\/li>\n<li>a tutti quei soggetti pubblici e\/o privati, persone fisiche e\/o giuridiche (studi di consulenza legale, amministrativa e fiscale, societ\u00e0 di recupero credito, Uffici Giudiziari, Camere di Commercio, Camere ed Uffici del Lavoro, ecc.), qualora la comunicazione risulti necessaria o funzionale al corretto adempimento degli obblighi contrattuali assunti, nonch\u00e9 degli obblighi derivanti dalla legge;<\/li>\n<li>a tutti quei soggetti (ivi incluse le Pubbliche Autorit\u00e0) che hanno accesso ai dati personali in forza di provvedimenti normativi o amministrativi;<\/li>\n<\/ul>\n<p>In ogni caso i Suoi dati personali raccolti non saranno rivenduti o trasferiti a terzi per finalit\u00e0 di marketing e non saranno oggetto di diffusione.<\/p>\n<p>&nbsp;<\/p>\n<h3 style=\"text-align: left;\">8. TRASFERIMENTO DEI DATI PERSONALI FUORI DALL\u2019AREA UE<\/h3>\n<p>La gestione e la conservazione dei Suoi Dati Personali avverranno in Europa. Resta in ogni caso inteso che il Titolare, ove si rendesse necessario, avr\u00e0 facolt\u00e0 di far trattare i Suoi Dati Personali fuori dalla Area UE (EEA). In tal caso, il Titolare assicura sin da ora che il trasferimento dei dati extra-UE avverr\u00e0 in conformit\u00e0 alle disposizioni di legge applicabili stipulando, se necessario, accordi che garantiscano un livello di protezione adeguato e\/o adottando le clausole contrattuali standard previste dalla Commissione europea.<\/p>\n<p>&nbsp;<\/p>\n<h3 style=\"text-align: left;\">9. MINORI<\/h3>\n<p>Questo sito e il Titolare non raccolgono intenzionalmente Dati Personali riferiti ai minori di 18 anni. In conformit\u00e0 alle leggi applicabili, l\u2019esercente la responsabilit\u00e0 genitoriale deve fornire il consenso alla raccolta dei Dati Personali del minore. Nel caso in cui Dati Personali su minori fossero involontariamente registrate, il Titolare le canceller\u00e0 in modo tempestivo, su richiesta dell\u2019esercente la responsabilit\u00e0 genitoriale.<\/p>\n<p>&nbsp;<\/p>\n<h3 style=\"text-align: left;\">10. I SUOI DIRITTI<\/h3>\n<p>Ai sensi degli artt. 15 e ss. del GDPR e della normativa nazionale in tema di privacy e protezione dei dati personali applicabile, Lei ha il diritto di:<\/p>\n<p>1) ottenere dal Titolare la conferma che sia o meno in corso un trattamento di dati personali che ti riguardano e in tal caso, di ottenere l&#8217;accesso ai dati personali<br \/>\ne alle seguenti informazioni:<\/p>\n<ul>\n<li>le finalit\u00e0 del trattamento;<\/li>\n<li>le categorie di dati personali in questione;<\/li>\n<li>i destinatari o le categorie di destinatari a cui i dati personali sono stati o saranno comunicati, in particolare se destinatari di paesi terzi o organizzazioni internazionali;<\/li>\n<li>quando possibile, il periodo di conservazione dei dati personali previsto oppure, se non \u00e8 possibile, i criteri utilizzati per determinare tale periodo;<\/li>\n<li>l&#8217;esistenza del diritto dell&#8217;interessato di chiedere al titolare del trattamento la rettifica o la cancellazione dei dati personali o la limitazione del trattamento dei dati personali che lo riguardano o di opporsi al loro trattamento;<\/li>\n<li>il diritto di proporre reclamo a un&#8217;autorit\u00e0 di controllo;<\/li>\n<li>qualora i dati non siano raccolti presso l&#8217;interessato, tutte le informazioni disponibili sulla loro origine;<\/li>\n<\/ul>\n<p>2) Ottenere dal Titolare la rettifica dei dati personali inesatti che lo riguardano senza ingiustificato ritardo. Tenuto conto delle finalit\u00e0 del trattamento, l&#8217;interessato ha il diritto di ottenere l&#8217;integrazione dei dati personali incompleti, anche fornendo una dichiarazione integrativa.<\/p>\n<p>3) Ottenere dal Titolare la cancellazione dei dati personali che lo riguardano senza ingiustificato ritardo e il Titolare ha l&#8217;obbligo di cancellare senza ingiustificato ritardo i dati personali nei limiti e nei casi previsti dalla\u00a0 vigente normativa.<\/p>\n<p>4) Ottenere dal Titolare la limitazione del trattamento.<\/p>\n<p>5) Ricevere in un formato strutturato, di uso comune e leggibile da dispositivo automatico i dati personali che la riguardano forniti al Titolare e ha il diritto alla portabilit\u00e0 dei dati e dunque di trasmettere tali dati a un altro titolare del trattamento senza impedimenti da parte del titolare del trattamento cui li ha forniti qualora il trattamento si basi sul consenso o su un contratto.<\/p>\n<p>6) Opporsi in qualsiasi momento, per motivi connessi alla sua situazione particolare, al trattamento dei dati personali che la riguardano se il trattamento \u00e8 necessario per l&#8217;esecuzione di un compito di interesse pubblico o connesso all&#8217;esercizio di pubblici poteri di cui \u00e8 investito il Titolare o il trattamento \u00e8 necessario per il perseguimento del legittimo interesse del Titolare o di terzi.<\/p>\n<p>7) Qualora ritenga che i Suoi diritti siano stati violati dal Titolare, proporre reclamo all\u2019Autorit\u00e0 Garante per la protezione dei dati personali (Piazza Venezia 11, 00187 Roma (RM) &#8211; <a href=\"http:\/\/www.garanteprivacy.it\">www.garanteprivacy.it<\/a>) e\/o ad altra autorit\u00e0 di controllo competente in forza del GDPR Il Titolare a seguito dell\u2019esercizio dei diritti di cui ai punti 2), 3) e 4) comunica a ciascuno dei destinatari cui sono stati trasmessi i dati personali le eventuali rettifiche o cancellazioni o limitazioni del trattamento nei limiti e nelle forme previste dalla vigente normativa.<\/p>\n<p>Per esercitare i diritti sopra elencati verso il titolare, Lei dovr\u00e0 presentare richiesta scritta inviando una mail all\u2019indirizzo <a href=\"mailto:privacy@YOEGGS.com\">privacy@yoeggs.com<\/a><\/p>\n<p>&nbsp;<\/p>\n<h3>11. COSA ACCADE IN CASO DI MODIFICA ALLA PRIVACY POLICY<\/h3>\n<p>La presente informativa potr\u00e0 essere, in qualsiasi momento, modificata e\/o aggiornata. Qualora il Titolare intenda trattare i Suoi Dati Personali per finalit\u00e0 diverse rispetto a quelle previste al precedente art. 3, si impegna a fornirLe, prima di tale ulteriore trattamento, adeguate informazioni in merito a tali diverse finalit\u00e0 e di effettuare tale ulteriore trattamento nel rispetto della normativa vigente raccogliendo ove necessario il Suo specifico consenso.<\/p>\n<p>&nbsp;<\/p>\n<p>La presente Privacy policy \u00e8 stata pubblicata il 12\/12\/2025.<br \/>\nEventuali aggiornamenti saranno pubblicati in questa pagina.<\/p>\n","protected":false},"excerpt":{"rendered":"<p>&nbsp; (art. 13 del Regolamento UE n. 679\/2016) &nbsp; La&#8230;<\/p>\n","protected":false},"author":3174,"featured_media":0,"parent":0,"menu_order":0,"comment_status":"closed","ping_status":"closed","template":"","meta":{"_acf_changed":false,"footnotes":""},"class_list":["post-3","page","type-page","status-publish","hentry"],"acf":[],"yoast_head":"<!-- This site is optimized with the Yoast SEO plugin v27.3 - https:\/\/yoast.com\/product\/yoast-seo-wordpress\/ -->\n<title>Informativa sul trattamento e protezione dei dati personali | Yoeggs Shop<\/title>\n<meta name=\"robots\" content=\"index, follow, max-snippet:-1, max-image-preview:large, max-video-preview:-1\" \/>\n<link rel=\"canonical\" href=\"https:\/\/www.yoeggs.com\/shop\/privacy-policy\/\" \/>\n<meta property=\"og:locale\" content=\"it_IT\" \/>\n<meta property=\"og:type\" content=\"article\" \/>\n<meta property=\"og:title\" content=\"Informativa sul trattamento e protezione dei dati personali | Yoeggs Shop\" \/>\n<meta property=\"og:description\" content=\"&nbsp; (art. 13 del Regolamento UE n. 679\/2016) &nbsp; La...\" \/>\n<meta property=\"og:url\" content=\"https:\/\/www.yoeggs.com\/shop\/privacy-policy\/\" \/>\n<meta property=\"og:site_name\" content=\"Yoeggs Shop\" \/>\n<meta property=\"article:publisher\" content=\"https:\/\/www.facebook.com\/yoeggs.official\/\" \/>\n<meta property=\"article:modified_time\" content=\"2025-12-11T16:51:44+00:00\" \/>\n<meta property=\"og:image\" content=\"https:\/\/www.yoeggs.com\/shop\/wp-content\/uploads\/Sfondo-Videocall.jpg\" \/>\n\t<meta property=\"og:image:width\" content=\"1200\" \/>\n\t<meta property=\"og:image:height\" content=\"675\" \/>\n\t<meta property=\"og:image:type\" content=\"image\/jpeg\" \/>\n<meta name=\"twitter:card\" content=\"summary_large_image\" \/>\n<meta name=\"twitter:label1\" content=\"Tempo di lettura stimato\" \/>\n\t<meta name=\"twitter:data1\" content=\"10 minuti\" \/>\n<script type=\"application\/ld+json\" class=\"yoast-schema-graph\">{\"@context\":\"https:\\\/\\\/schema.org\",\"@graph\":[{\"@type\":\"WebPage\",\"@id\":\"https:\\\/\\\/www.yoeggs.com\\\/shop\\\/privacy-policy\\\/\",\"url\":\"https:\\\/\\\/www.yoeggs.com\\\/shop\\\/privacy-policy\\\/\",\"name\":\"Informativa sul trattamento e protezione dei dati personali | Yoeggs Shop\",\"isPartOf\":{\"@id\":\"https:\\\/\\\/www.yoeggs.com\\\/shop\\\/#website\"},\"datePublished\":\"2024-01-18T15:35:07+00:00\",\"dateModified\":\"2025-12-11T16:51:44+00:00\",\"breadcrumb\":{\"@id\":\"https:\\\/\\\/www.yoeggs.com\\\/shop\\\/privacy-policy\\\/#breadcrumb\"},\"inLanguage\":\"it-IT\",\"potentialAction\":[{\"@type\":\"ReadAction\",\"target\":[\"https:\\\/\\\/www.yoeggs.com\\\/shop\\\/privacy-policy\\\/\"]}]},{\"@type\":\"BreadcrumbList\",\"@id\":\"https:\\\/\\\/www.yoeggs.com\\\/shop\\\/privacy-policy\\\/#breadcrumb\",\"itemListElement\":[{\"@type\":\"ListItem\",\"position\":1,\"name\":\"Home\",\"item\":\"https:\\\/\\\/www.yoeggs.com\\\/shop\\\/\"},{\"@type\":\"ListItem\",\"position\":2,\"name\":\"Informativa sul trattamento e protezione dei dati personali\"}]},{\"@type\":\"WebSite\",\"@id\":\"https:\\\/\\\/www.yoeggs.com\\\/shop\\\/#website\",\"url\":\"https:\\\/\\\/www.yoeggs.com\\\/shop\\\/\",\"name\":\"Yoeggs shop\",\"description\":\"Negozio online di Yoeggs | L&#039;alternativa allo yogurt a base di albume.\",\"publisher\":{\"@id\":\"https:\\\/\\\/www.yoeggs.com\\\/shop\\\/#organization\"},\"potentialAction\":[{\"@type\":\"SearchAction\",\"target\":{\"@type\":\"EntryPoint\",\"urlTemplate\":\"https:\\\/\\\/www.yoeggs.com\\\/shop\\\/?s={search_term_string}\"},\"query-input\":{\"@type\":\"PropertyValueSpecification\",\"valueRequired\":true,\"valueName\":\"search_term_string\"}}],\"inLanguage\":\"it-IT\"},{\"@type\":\"Organization\",\"@id\":\"https:\\\/\\\/www.yoeggs.com\\\/shop\\\/#organization\",\"name\":\"Yoeggs\",\"url\":\"https:\\\/\\\/www.yoeggs.com\\\/shop\\\/\",\"logo\":{\"@type\":\"ImageObject\",\"inLanguage\":\"it-IT\",\"@id\":\"https:\\\/\\\/www.yoeggs.com\\\/shop\\\/#\\\/schema\\\/logo\\\/image\\\/\",\"url\":\"https:\\\/\\\/www.yoeggs.com\\\/shop\\\/wp-content\\\/uploads\\\/Logo_black_Piccolo.png\",\"contentUrl\":\"https:\\\/\\\/www.yoeggs.com\\\/shop\\\/wp-content\\\/uploads\\\/Logo_black_Piccolo.png\",\"width\":1107,\"height\":192,\"caption\":\"Yoeggs\"},\"image\":{\"@id\":\"https:\\\/\\\/www.yoeggs.com\\\/shop\\\/#\\\/schema\\\/logo\\\/image\\\/\"},\"sameAs\":[\"https:\\\/\\\/www.facebook.com\\\/yoeggs.official\\\/\",\"https:\\\/\\\/www.instagram.com\\\/yoeggs_official\\\/\"]}]}<\/script>\n<!-- \/ Yoast SEO plugin. -->","yoast_head_json":{"title":"Informativa sul trattamento e protezione dei dati personali | Yoeggs Shop","robots":{"index":"index","follow":"follow","max-snippet":"max-snippet:-1","max-image-preview":"max-image-preview:large","max-video-preview":"max-video-preview:-1"},"canonical":"https:\/\/www.yoeggs.com\/shop\/privacy-policy\/","og_locale":"it_IT","og_type":"article","og_title":"Informativa sul trattamento e protezione dei dati personali | Yoeggs Shop","og_description":"&nbsp; (art. 13 del Regolamento UE n. 679\/2016) &nbsp; La...","og_url":"https:\/\/www.yoeggs.com\/shop\/privacy-policy\/","og_site_name":"Yoeggs Shop","article_publisher":"https:\/\/www.facebook.com\/yoeggs.official\/","article_modified_time":"2025-12-11T16:51:44+00:00","og_image":[{"width":1200,"height":675,"url":"https:\/\/www.yoeggs.com\/shop\/wp-content\/uploads\/Sfondo-Videocall.jpg","type":"image\/jpeg"}],"twitter_card":"summary_large_image","twitter_misc":{"Tempo di lettura stimato":"10 minuti"},"schema":{"@context":"https:\/\/schema.org","@graph":[{"@type":"WebPage","@id":"https:\/\/www.yoeggs.com\/shop\/privacy-policy\/","url":"https:\/\/www.yoeggs.com\/shop\/privacy-policy\/","name":"Informativa sul trattamento e protezione dei dati personali | Yoeggs Shop","isPartOf":{"@id":"https:\/\/www.yoeggs.com\/shop\/#website"},"datePublished":"2024-01-18T15:35:07+00:00","dateModified":"2025-12-11T16:51:44+00:00","breadcrumb":{"@id":"https:\/\/www.yoeggs.com\/shop\/privacy-policy\/#breadcrumb"},"inLanguage":"it-IT","potentialAction":[{"@type":"ReadAction","target":["https:\/\/www.yoeggs.com\/shop\/privacy-policy\/"]}]},{"@type":"BreadcrumbList","@id":"https:\/\/www.yoeggs.com\/shop\/privacy-policy\/#breadcrumb","itemListElement":[{"@type":"ListItem","position":1,"name":"Home","item":"https:\/\/www.yoeggs.com\/shop\/"},{"@type":"ListItem","position":2,"name":"Informativa sul trattamento e protezione dei dati personali"}]},{"@type":"WebSite","@id":"https:\/\/www.yoeggs.com\/shop\/#website","url":"https:\/\/www.yoeggs.com\/shop\/","name":"Yoeggs shop","description":"Negozio online di Yoeggs | L&#039;alternativa allo yogurt a base di albume.","publisher":{"@id":"https:\/\/www.yoeggs.com\/shop\/#organization"},"potentialAction":[{"@type":"SearchAction","target":{"@type":"EntryPoint","urlTemplate":"https:\/\/www.yoeggs.com\/shop\/?s={search_term_string}"},"query-input":{"@type":"PropertyValueSpecification","valueRequired":true,"valueName":"search_term_string"}}],"inLanguage":"it-IT"},{"@type":"Organization","@id":"https:\/\/www.yoeggs.com\/shop\/#organization","name":"Yoeggs","url":"https:\/\/www.yoeggs.com\/shop\/","logo":{"@type":"ImageObject","inLanguage":"it-IT","@id":"https:\/\/www.yoeggs.com\/shop\/#\/schema\/logo\/image\/","url":"https:\/\/www.yoeggs.com\/shop\/wp-content\/uploads\/Logo_black_Piccolo.png","contentUrl":"https:\/\/www.yoeggs.com\/shop\/wp-content\/uploads\/Logo_black_Piccolo.png","width":1107,"height":192,"caption":"Yoeggs"},"image":{"@id":"https:\/\/www.yoeggs.com\/shop\/#\/schema\/logo\/image\/"},"sameAs":["https:\/\/www.facebook.com\/yoeggs.official\/","https:\/\/www.instagram.com\/yoeggs_official\/"]}]}},"_links":{"self":[{"href":"https:\/\/www.yoeggs.com\/shop\/wp-json\/wp\/v2\/pages\/3","targetHints":{"allow":["GET"]}}],"collection":[{"href":"https:\/\/www.yoeggs.com\/shop\/wp-json\/wp\/v2\/pages"}],"about":[{"href":"https:\/\/www.yoeggs.com\/shop\/wp-json\/wp\/v2\/types\/page"}],"author":[{"embeddable":true,"href":"https:\/\/www.yoeggs.com\/shop\/wp-json\/wp\/v2\/users\/3174"}],"replies":[{"embeddable":true,"href":"https:\/\/www.yoeggs.com\/shop\/wp-json\/wp\/v2\/comments?post=3"}],"version-history":[{"count":4,"href":"https:\/\/www.yoeggs.com\/shop\/wp-json\/wp\/v2\/pages\/3\/revisions"}],"predecessor-version":[{"id":12571,"href":"https:\/\/www.yoeggs.com\/shop\/wp-json\/wp\/v2\/pages\/3\/revisions\/12571"}],"wp:attachment":[{"href":"https:\/\/www.yoeggs.com\/shop\/wp-json\/wp\/v2\/media?parent=3"}],"curies":[{"name":"wp","href":"https:\/\/api.w.org\/{rel}","templated":true}]}}